{"id":59,"date":"2020-08-10T08:56:49","date_gmt":"2020-08-10T08:56:49","guid":{"rendered":"https:\/\/demo2wpopal.b-cdn.net\/freshio\/home-4\/"},"modified":"2022-12-06T17:37:09","modified_gmt":"2022-12-06T17:37:09","slug":"home-4","status":"publish","type":"page","link":"https:\/\/intifreshgo.com\/","title":{"rendered":"Sobre nosotros"},"content":{"rendered":"\t\t<div data-elementor-type=\"wp-page\" data-elementor-id=\"59\" class=\"elementor elementor-59\">\n\t\t\t\t\t\t<div class=\"elementor-section elementor-top-section elementor-element elementor-element-868332b elementor-section-stretched elementor-section-content-middle elementor-section-boxed elementor-section-height-default elementor-section-height-default\" data-id=\"868332b\" data-element_type=\"section\" data-settings=\"{&quot;stretch_section&quot;:&quot;section-stretched&quot;}\">\n\t\t\t\t\t\t<div class=\"elementor-container elementor-column-gap-no\">\n\t\t\t\t\t<div class=\"elementor-column elementor-col-50 elementor-top-column elementor-element elementor-element-cb68855\" data-id=\"cb68855\" data-element_type=\"column\">\n\t\t\t<div class=\"elementor-widget-wrap elementor-element-populated\">\n\t\t\t\t\t\t<div class=\"elementor-element elementor-element-420204a elementor-invisible elementor-widget elementor-widget-image\" data-id=\"420204a\" data-element_type=\"widget\" data-settings=\"{&quot;_animation&quot;:&quot;fadeInLeft&quot;}\" data-widget_type=\"image.default\">\n\t\t\t\t<div class=\"elementor-widget-container\">\n\t\t\t\t\t\t\t\t\t\t\t\t\t<img fetchpriority=\"high\" decoding=\"async\" width=\"2560\" height=\"2557\" src=\"https:\/\/intifreshgo.com\/wp-content\/uploads\/2022\/08\/fedor-BRiT_s3tN6Y-unsplash-scaled.jpg\" class=\"attachment-full size-full wp-image-2614\" alt=\"\" srcset=\"https:\/\/intifreshgo.com\/wp-content\/uploads\/2022\/08\/fedor-BRiT_s3tN6Y-unsplash-scaled.jpg 2560w, https:\/\/intifreshgo.com\/wp-content\/uploads\/2022\/08\/fedor-BRiT_s3tN6Y-unsplash-300x300.jpg 300w, https:\/\/intifreshgo.com\/wp-content\/uploads\/2022\/08\/fedor-BRiT_s3tN6Y-unsplash-1024x1024.jpg 1024w, https:\/\/intifreshgo.com\/wp-content\/uploads\/2022\/08\/fedor-BRiT_s3tN6Y-unsplash-150x150.jpg 150w, https:\/\/intifreshgo.com\/wp-content\/uploads\/2022\/08\/fedor-BRiT_s3tN6Y-unsplash-768x767.jpg 768w, https:\/\/intifreshgo.com\/wp-content\/uploads\/2022\/08\/fedor-BRiT_s3tN6Y-unsplash-1536x1534.jpg 1536w, https:\/\/intifreshgo.com\/wp-content\/uploads\/2022\/08\/fedor-BRiT_s3tN6Y-unsplash-2048x2046.jpg 2048w, https:\/\/intifreshgo.com\/wp-content\/uploads\/2022\/08\/fedor-BRiT_s3tN6Y-unsplash-100x100.jpg 100w, https:\/\/intifreshgo.com\/wp-content\/uploads\/2022\/08\/fedor-BRiT_s3tN6Y-unsplash-450x450.jpg 450w, https:\/\/intifreshgo.com\/wp-content\/uploads\/2022\/08\/fedor-BRiT_s3tN6Y-unsplash-800x799.jpg 800w, https:\/\/intifreshgo.com\/wp-content\/uploads\/2022\/08\/fedor-BRiT_s3tN6Y-unsplash-50x50.jpg 50w, https:\/\/intifreshgo.com\/wp-content\/uploads\/2022\/08\/fedor-BRiT_s3tN6Y-unsplash-600x600.jpg 600w, https:\/\/intifreshgo.com\/wp-content\/uploads\/2022\/08\/fedor-BRiT_s3tN6Y-unsplash-96x96.jpg 96w, https:\/\/intifreshgo.com\/wp-content\/uploads\/2022\/08\/fedor-BRiT_s3tN6Y-unsplash-460x460.jpg 460w\" sizes=\"(max-width: 2560px) 100vw, 2560px\" \/>\t\t\t\t\t\t\t\t\t\t\t\t\t<\/div>\n\t\t\t\t<\/div>\n\t\t\t\t\t<\/div>\n\t\t<\/div>\n\t\t\t\t<div class=\"elementor-column elementor-col-50 elementor-top-column elementor-element elementor-element-e8828dd\" data-id=\"e8828dd\" data-element_type=\"column\" data-settings=\"{&quot;background_background&quot;:&quot;classic&quot;}\">\n\t\t\t<div class=\"elementor-widget-wrap elementor-element-populated\">\n\t\t\t\t\t<div class=\"elementor-background-overlay\"><\/div>\n\t\t\t\t\t\t<div class=\"elementor-element elementor-element-51618d7 elementor-widget elementor-widget-heading\" data-id=\"51618d7\" data-element_type=\"widget\" data-widget_type=\"heading.default\">\n\t\t\t\t<div class=\"elementor-widget-container\">\n\t\t\t<h2 class=\"elementor-heading-title elementor-size-default\">Intifresh<\/h2>\t\t<\/div>\n\t\t\t\t<\/div>\n\t\t\t\t<div class=\"elementor-element elementor-element-f61fd36 elementor-widget elementor-widget-text-editor\" data-id=\"f61fd36\" data-element_type=\"widget\" data-widget_type=\"text-editor.default\">\n\t\t\t\t<div class=\"elementor-widget-container\">\n\t\t\t\t\t\t\t<p>Somos una empresa de talla internacional dedicada a la exportaci\u00f3n de distintas variedades de mangos y limones. Tenemos 20 a\u00f1os de experiencia operando desde M\u00e9xico y desde el Per\u00fa.\u00a0<\/p>\t\t\t\t\t\t<\/div>\n\t\t\t\t<\/div>\n\t\t\t\t\t<\/div>\n\t\t<\/div>\n\t\t\t\t\t<\/div>\n\t\t<\/div>\n\t\t\t\t<div class=\"elementor-section elementor-top-section elementor-element elementor-element-1b16ebe elementor-section-stretched elementor-section-boxed elementor-section-height-default elementor-section-height-default\" data-id=\"1b16ebe\" data-element_type=\"section\" data-settings=\"{&quot;stretch_section&quot;:&quot;section-stretched&quot;,&quot;background_background&quot;:&quot;classic&quot;}\">\n\t\t\t\t\t\t<div class=\"elementor-container elementor-column-gap-no\">\n\t\t\t\t\t<div class=\"elementor-column elementor-col-33 elementor-top-column elementor-element elementor-element-3e9efe6\" data-id=\"3e9efe6\" data-element_type=\"column\">\n\t\t\t<div class=\"elementor-widget-wrap elementor-element-populated\">\n\t\t\t\t\t\t<div class=\"elementor-element elementor-element-c4d3291 elementor-view-default elementor-position-top elementor-mobile-position-top elementor-widget elementor-widget-icon-box\" data-id=\"c4d3291\" data-element_type=\"widget\" data-widget_type=\"icon-box.default\">\n\t\t\t\t<div class=\"elementor-widget-container\">\n\t\t\t\t\t<div class=\"elementor-icon-box-wrapper\">\n\n\t\t\t\t\t\t<div class=\"elementor-icon-box-icon\">\n\t\t\t\t<a href=\"https:\/\/intifreshgo.com\/\" class=\"elementor-icon elementor-animation-grow\" tabindex=\"-1\">\n\t\t\t\t<i aria-hidden=\"true\" class=\"freshio-icon- freshio-icon-handmade\"><\/i>\t\t\t\t<\/a>\n\t\t\t<\/div>\n\t\t\t\n\t\t\t\t\t\t<div class=\"elementor-icon-box-content\">\n\n\t\t\t\t\t\t\t\t\t<h3 class=\"elementor-icon-box-title\">\n\t\t\t\t\t\t<a href=\"https:\/\/intifreshgo.com\/\" >\n\t\t\t\t\t\t\tSobre nosotros\t\t\t\t\t\t<\/a>\n\t\t\t\t\t<\/h3>\n\t\t\t\t\n\t\t\t\t\n\t\t\t<\/div>\n\t\t\t\n\t\t<\/div>\n\t\t\t\t<\/div>\n\t\t\t\t<\/div>\n\t\t\t\t<div class=\"elementor-element elementor-element-ccd7566 elementor-widget__width-auto elementor-absolute elementor-hidden-phone elementor-widget elementor-widget-image\" data-id=\"ccd7566\" data-element_type=\"widget\" data-settings=\"{&quot;_position&quot;:&quot;absolute&quot;,&quot;motion_fx_motion_fx_scrolling&quot;:&quot;yes&quot;,&quot;motion_fx_translateY_effect&quot;:&quot;yes&quot;,&quot;motion_fx_translateY_speed&quot;:{&quot;unit&quot;:&quot;px&quot;,&quot;size&quot;:4,&quot;sizes&quot;:[]},&quot;motion_fx_translateY_affectedRange&quot;:{&quot;unit&quot;:&quot;%&quot;,&quot;size&quot;:&quot;&quot;,&quot;sizes&quot;:{&quot;start&quot;:0,&quot;end&quot;:100}},&quot;motion_fx_devices&quot;:[&quot;desktop&quot;,&quot;tablet&quot;,&quot;mobile&quot;]}\" data-widget_type=\"image.default\">\n\t\t\t\t<div class=\"elementor-widget-container\">\n\t\t\t\t\t\t\t\t\t\t\t\t\t<img decoding=\"async\" width=\"278\" height=\"285\" src=\"https:\/\/intifreshgo.com\/wp-content\/uploads\/2020\/08\/h4_leaf-1.png\" class=\"attachment-full size-full wp-image-1100\" alt=\"\" \/>\t\t\t\t\t\t\t\t\t\t\t\t\t<\/div>\n\t\t\t\t<\/div>\n\t\t\t\t\t<\/div>\n\t\t<\/div>\n\t\t\t\t<div class=\"elementor-column elementor-col-33 elementor-top-column elementor-element elementor-element-6925191\" data-id=\"6925191\" data-element_type=\"column\">\n\t\t\t<div class=\"elementor-widget-wrap elementor-element-populated\">\n\t\t\t\t\t\t<div class=\"elementor-element elementor-element-df0e6db elementor-view-default elementor-position-top elementor-mobile-position-top elementor-widget elementor-widget-icon-box\" data-id=\"df0e6db\" data-element_type=\"widget\" data-widget_type=\"icon-box.default\">\n\t\t\t\t<div class=\"elementor-widget-container\">\n\t\t\t\t\t<div class=\"elementor-icon-box-wrapper\">\n\n\t\t\t\t\t\t<div class=\"elementor-icon-box-icon\">\n\t\t\t\t<a href=\"https:\/\/intifreshgo.com\/?page_id=84\" class=\"elementor-icon elementor-animation-grow\" tabindex=\"-1\">\n\t\t\t\t<i aria-hidden=\"true\" class=\"freshio-icon- freshio-icon-farm\"><\/i>\t\t\t\t<\/a>\n\t\t\t<\/div>\n\t\t\t\n\t\t\t\t\t\t<div class=\"elementor-icon-box-content\">\n\n\t\t\t\t\t\t\t\t\t<h3 class=\"elementor-icon-box-title\">\n\t\t\t\t\t\t<a href=\"https:\/\/intifreshgo.com\/?page_id=84\" >\n\t\t\t\t\t\t\tL\u00edneas de producto\t\t\t\t\t\t<\/a>\n\t\t\t\t\t<\/h3>\n\t\t\t\t\n\t\t\t\t\n\t\t\t<\/div>\n\t\t\t\n\t\t<\/div>\n\t\t\t\t<\/div>\n\t\t\t\t<\/div>\n\t\t\t\t<div class=\"elementor-element elementor-element-3058cc6 elementor-widget__width-auto elementor-absolute elementor-hidden-phone elementor-widget elementor-widget-image\" data-id=\"3058cc6\" data-element_type=\"widget\" data-settings=\"{&quot;_position&quot;:&quot;absolute&quot;,&quot;motion_fx_motion_fx_scrolling&quot;:&quot;yes&quot;,&quot;motion_fx_translateY_effect&quot;:&quot;yes&quot;,&quot;motion_fx_translateY_speed&quot;:{&quot;unit&quot;:&quot;px&quot;,&quot;size&quot;:4,&quot;sizes&quot;:[]},&quot;motion_fx_translateY_affectedRange&quot;:{&quot;unit&quot;:&quot;%&quot;,&quot;size&quot;:&quot;&quot;,&quot;sizes&quot;:{&quot;start&quot;:0,&quot;end&quot;:100}},&quot;motion_fx_devices&quot;:[&quot;desktop&quot;,&quot;tablet&quot;,&quot;mobile&quot;]}\" data-widget_type=\"image.default\">\n\t\t\t\t<div class=\"elementor-widget-container\">\n\t\t\t\t\t\t\t\t\t\t\t\t\t<img decoding=\"async\" width=\"256\" height=\"265\" src=\"https:\/\/intifreshgo.com\/wp-content\/uploads\/2020\/08\/h4_leaf-3.png\" class=\"attachment-full size-full wp-image-1101\" alt=\"\" \/>\t\t\t\t\t\t\t\t\t\t\t\t\t<\/div>\n\t\t\t\t<\/div>\n\t\t\t\t\t<\/div>\n\t\t<\/div>\n\t\t\t\t<div class=\"elementor-column elementor-col-33 elementor-top-column elementor-element elementor-element-c7aac98\" data-id=\"c7aac98\" data-element_type=\"column\">\n\t\t\t<div class=\"elementor-widget-wrap elementor-element-populated\">\n\t\t\t\t\t\t<div class=\"elementor-element elementor-element-9083f13 elementor-view-default elementor-position-top elementor-mobile-position-top elementor-widget elementor-widget-icon-box\" data-id=\"9083f13\" data-element_type=\"widget\" data-widget_type=\"icon-box.default\">\n\t\t\t\t<div class=\"elementor-widget-container\">\n\t\t\t\t\t<div class=\"elementor-icon-box-wrapper\">\n\n\t\t\t\t\t\t<div class=\"elementor-icon-box-icon\">\n\t\t\t\t<a href=\"https:\/\/intifreshgo.com\/?page_id=2\" class=\"elementor-icon elementor-animation-grow\" tabindex=\"-1\">\n\t\t\t\t<i aria-hidden=\"true\" class=\"freshio-icon- freshio-icon-trophy-alt\"><\/i>\t\t\t\t<\/a>\n\t\t\t<\/div>\n\t\t\t\n\t\t\t\t\t\t<div class=\"elementor-icon-box-content\">\n\n\t\t\t\t\t\t\t\t\t<h3 class=\"elementor-icon-box-title\">\n\t\t\t\t\t\t<a href=\"https:\/\/intifreshgo.com\/?page_id=2\" >\n\t\t\t\t\t\t\tCalidad\t\t\t\t\t\t<\/a>\n\t\t\t\t\t<\/h3>\n\t\t\t\t\n\t\t\t\t\n\t\t\t<\/div>\n\t\t\t\n\t\t<\/div>\n\t\t\t\t<\/div>\n\t\t\t\t<\/div>\n\t\t\t\t<div class=\"elementor-element elementor-element-1bf8a9a elementor-widget__width-auto elementor-absolute elementor-hidden-phone elementor-widget elementor-widget-image\" data-id=\"1bf8a9a\" data-element_type=\"widget\" data-settings=\"{&quot;_position&quot;:&quot;absolute&quot;,&quot;motion_fx_motion_fx_scrolling&quot;:&quot;yes&quot;,&quot;motion_fx_translateY_effect&quot;:&quot;yes&quot;,&quot;motion_fx_translateY_speed&quot;:{&quot;unit&quot;:&quot;px&quot;,&quot;size&quot;:4,&quot;sizes&quot;:[]},&quot;motion_fx_translateY_affectedRange&quot;:{&quot;unit&quot;:&quot;%&quot;,&quot;size&quot;:&quot;&quot;,&quot;sizes&quot;:{&quot;start&quot;:0,&quot;end&quot;:100}},&quot;motion_fx_devices&quot;:[&quot;desktop&quot;,&quot;tablet&quot;,&quot;mobile&quot;]}\" data-widget_type=\"image.default\">\n\t\t\t\t<div class=\"elementor-widget-container\">\n\t\t\t\t\t\t\t\t\t\t\t\t\t<img loading=\"lazy\" decoding=\"async\" width=\"243\" height=\"264\" src=\"https:\/\/intifreshgo.com\/wp-content\/uploads\/2020\/08\/h4_leaf-2.png\" class=\"attachment-full size-full wp-image-1098\" alt=\"\" \/>\t\t\t\t\t\t\t\t\t\t\t\t\t<\/div>\n\t\t\t\t<\/div>\n\t\t\t\t\t<\/div>\n\t\t<\/div>\n\t\t\t\t\t<\/div>\n\t\t<\/div>\n\t\t\t\t<section class=\"elementor-section elementor-top-section elementor-element elementor-element-474061a elementor-section-boxed elementor-section-height-default elementor-section-height-default\" data-id=\"474061a\" data-element_type=\"section\">\n\t\t\t\t\t\t<div class=\"elementor-container elementor-column-gap-default\">\n\t\t\t\t\t<div class=\"elementor-column elementor-col-100 elementor-top-column elementor-element elementor-element-d544a16\" data-id=\"d544a16\" data-element_type=\"column\">\n\t\t\t<div class=\"elementor-widget-wrap elementor-element-populated\">\n\t\t\t\t\t\t<div class=\"elementor-element elementor-element-81a867d elementor-widget elementor-widget-image-gallery\" data-id=\"81a867d\" data-element_type=\"widget\" data-widget_type=\"image-gallery.default\">\n\t\t\t\t<div class=\"elementor-widget-container\">\n\t\t\t\t\t<div class=\"elementor-image-gallery\">\n\t\t\t<div id='gallery-1' class='gallery galleryid-59 gallery-columns-6 gallery-size-thumbnail'><figure class='gallery-item'>\n\t\t\t<div class='gallery-icon landscape'>\n\t\t\t\t<a data-elementor-open-lightbox=\"yes\" data-elementor-lightbox-slideshow=\"81a867d\" data-elementor-lightbox-title=\"brand_6\" data-e-action-hash=\"#elementor-action%3Aaction%3Dlightbox%26settings%3DeyJpZCI6OTEyLCJ1cmwiOiJodHRwczpcL1wvaW50aWZyZXNoZ28uY29tXC93cC1jb250ZW50XC91cGxvYWRzXC8yMDIwXC8wOFwvYnJhbmRfNi5zdmciLCJzbGlkZXNob3ciOiI4MWE4NjdkIn0%3D\" href='https:\/\/intifreshgo.com\/wp-content\/uploads\/2020\/08\/brand_6.svg'><img loading=\"lazy\" decoding=\"async\" width=\"150\" height=\"150\" src=\"https:\/\/intifreshgo.com\/wp-content\/uploads\/2020\/08\/brand_6.svg\" class=\"attachment-thumbnail size-thumbnail\" alt=\"\" \/><\/a>\n\t\t\t<\/div><\/figure><figure class='gallery-item'>\n\t\t\t<div class='gallery-icon landscape'>\n\t\t\t\t<a data-elementor-open-lightbox=\"yes\" data-elementor-lightbox-slideshow=\"81a867d\" data-elementor-lightbox-title=\"brand_5\" data-e-action-hash=\"#elementor-action%3Aaction%3Dlightbox%26settings%3DeyJpZCI6OTExLCJ1cmwiOiJodHRwczpcL1wvaW50aWZyZXNoZ28uY29tXC93cC1jb250ZW50XC91cGxvYWRzXC8yMDIwXC8wOFwvYnJhbmRfNS5zdmciLCJzbGlkZXNob3ciOiI4MWE4NjdkIn0%3D\" href='https:\/\/intifreshgo.com\/wp-content\/uploads\/2020\/08\/brand_5.svg'><img loading=\"lazy\" decoding=\"async\" width=\"150\" height=\"150\" src=\"https:\/\/intifreshgo.com\/wp-content\/uploads\/2020\/08\/brand_5.svg\" class=\"attachment-thumbnail size-thumbnail\" alt=\"\" \/><\/a>\n\t\t\t<\/div><\/figure><figure class='gallery-item'>\n\t\t\t<div class='gallery-icon landscape'>\n\t\t\t\t<a data-elementor-open-lightbox=\"yes\" data-elementor-lightbox-slideshow=\"81a867d\" data-elementor-lightbox-title=\"brand_4\" data-e-action-hash=\"#elementor-action%3Aaction%3Dlightbox%26settings%3DeyJpZCI6OTEwLCJ1cmwiOiJodHRwczpcL1wvaW50aWZyZXNoZ28uY29tXC93cC1jb250ZW50XC91cGxvYWRzXC8yMDIwXC8wOFwvYnJhbmRfNC5zdmciLCJzbGlkZXNob3ciOiI4MWE4NjdkIn0%3D\" href='https:\/\/intifreshgo.com\/wp-content\/uploads\/2020\/08\/brand_4.svg'><img loading=\"lazy\" decoding=\"async\" width=\"150\" height=\"150\" src=\"https:\/\/intifreshgo.com\/wp-content\/uploads\/2020\/08\/brand_4.svg\" class=\"attachment-thumbnail size-thumbnail\" alt=\"\" \/><\/a>\n\t\t\t<\/div><\/figure><figure class='gallery-item'>\n\t\t\t<div class='gallery-icon landscape'>\n\t\t\t\t<a data-elementor-open-lightbox=\"yes\" data-elementor-lightbox-slideshow=\"81a867d\" data-elementor-lightbox-title=\"brand_3\" data-e-action-hash=\"#elementor-action%3Aaction%3Dlightbox%26settings%3DeyJpZCI6OTA5LCJ1cmwiOiJodHRwczpcL1wvaW50aWZyZXNoZ28uY29tXC93cC1jb250ZW50XC91cGxvYWRzXC8yMDIwXC8wOFwvYnJhbmRfMy5zdmciLCJzbGlkZXNob3ciOiI4MWE4NjdkIn0%3D\" href='https:\/\/intifreshgo.com\/wp-content\/uploads\/2020\/08\/brand_3.svg'><img loading=\"lazy\" decoding=\"async\" width=\"150\" height=\"150\" src=\"https:\/\/intifreshgo.com\/wp-content\/uploads\/2020\/08\/brand_3.svg\" class=\"attachment-thumbnail size-thumbnail\" alt=\"\" \/><\/a>\n\t\t\t<\/div><\/figure><figure class='gallery-item'>\n\t\t\t<div class='gallery-icon landscape'>\n\t\t\t\t<a data-elementor-open-lightbox=\"yes\" data-elementor-lightbox-slideshow=\"81a867d\" data-elementor-lightbox-title=\"brand_2\" data-e-action-hash=\"#elementor-action%3Aaction%3Dlightbox%26settings%3DeyJpZCI6OTA4LCJ1cmwiOiJodHRwczpcL1wvaW50aWZyZXNoZ28uY29tXC93cC1jb250ZW50XC91cGxvYWRzXC8yMDIwXC8wOFwvYnJhbmRfMi5zdmciLCJzbGlkZXNob3ciOiI4MWE4NjdkIn0%3D\" href='https:\/\/intifreshgo.com\/wp-content\/uploads\/2020\/08\/brand_2.svg'><img loading=\"lazy\" decoding=\"async\" width=\"150\" height=\"150\" src=\"https:\/\/intifreshgo.com\/wp-content\/uploads\/2020\/08\/brand_2.svg\" class=\"attachment-thumbnail size-thumbnail\" alt=\"\" \/><\/a>\n\t\t\t<\/div><\/figure><figure class='gallery-item'>\n\t\t\t<div class='gallery-icon landscape'>\n\t\t\t\t<a data-elementor-open-lightbox=\"yes\" data-elementor-lightbox-slideshow=\"81a867d\" data-elementor-lightbox-title=\"brand_1\" data-e-action-hash=\"#elementor-action%3Aaction%3Dlightbox%26settings%3DeyJpZCI6OTA3LCJ1cmwiOiJodHRwczpcL1wvaW50aWZyZXNoZ28uY29tXC93cC1jb250ZW50XC91cGxvYWRzXC8yMDIwXC8wOFwvYnJhbmRfMS5zdmciLCJzbGlkZXNob3ciOiI4MWE4NjdkIn0%3D\" href='https:\/\/intifreshgo.com\/wp-content\/uploads\/2020\/08\/brand_1.svg'><img loading=\"lazy\" decoding=\"async\" width=\"150\" height=\"150\" src=\"https:\/\/intifreshgo.com\/wp-content\/uploads\/2020\/08\/brand_1.svg\" class=\"attachment-thumbnail size-thumbnail\" alt=\"\" \/><\/a>\n\t\t\t<\/div><\/figure>\n\t\t<\/div>\n\t\t<\/div>\n\t\t\t\t<\/div>\n\t\t\t\t<\/div>\n\t\t\t\t\t<\/div>\n\t\t<\/div>\n\t\t\t\t\t<\/div>\n\t\t<\/section>\n\t\t\t\t<\/div>\n\t\t","protected":false},"excerpt":{"rendered":"<p>Intifresh Somos una empresa de talla internacional dedicada a la exportaci\u00f3n de distintas variedades de mangos y limones. Tenemos 20 a\u00f1os de experiencia operando desde M\u00e9xico y desde el Per\u00fa.\u00a0 Sobre nosotros L\u00edneas de producto Calidad<\/p>\n","protected":false},"author":1,"featured_media":0,"parent":0,"menu_order":0,"comment_status":"closed","ping_status":"closed","template":"","meta":{"inline_featured_image":false,"footnotes":""},"class_list":["post-59","page","type-page","status-publish","hentry"],"_links":{"self":[{"href":"https:\/\/intifreshgo.com\/index.php?rest_route=\/wp\/v2\/pages\/59","targetHints":{"allow":["GET"]}}],"collection":[{"href":"https:\/\/intifreshgo.com\/index.php?rest_route=\/wp\/v2\/pages"}],"about":[{"href":"https:\/\/intifreshgo.com\/index.php?rest_route=\/wp\/v2\/types\/page"}],"author":[{"embeddable":true,"href":"https:\/\/intifreshgo.com\/index.php?rest_route=\/wp\/v2\/users\/1"}],"replies":[{"embeddable":true,"href":"https:\/\/intifreshgo.com\/index.php?rest_route=%2Fwp%2Fv2%2Fcomments&post=59"}],"version-history":[{"count":234,"href":"https:\/\/intifreshgo.com\/index.php?rest_route=\/wp\/v2\/pages\/59\/revisions"}],"predecessor-version":[{"id":3139,"href":"https:\/\/intifreshgo.com\/index.php?rest_route=\/wp\/v2\/pages\/59\/revisions\/3139"}],"wp:attachment":[{"href":"https:\/\/intifreshgo.com\/index.php?rest_route=%2Fwp%2Fv2%2Fmedia&parent=59"}],"curies":[{"name":"wp","href":"https:\/\/api.w.org\/{rel}","templated":true}]}}